{"id":2484,"date":"2024-03-18T18:56:52","date_gmt":"2024-03-18T18:56:52","guid":{"rendered":"https:\/\/ssicm.com\/crear-cuenta-online\/"},"modified":"2024-04-23T15:22:13","modified_gmt":"2024-04-23T15:22:13","slug":"crear-cuenta-online","status":"publish","type":"page","link":"https:\/\/ssicm.com\/es\/crear-cuenta-online\/","title":{"rendered":"Crear Cuenta Online"},"content":{"rendered":"<div class=\"wpb-content-wrapper\"><p>[vc_row][vc_column][vc_empty_space height=\u00bb42px\u00bb][\/vc_column][\/vc_row][vc_row][vc_column][vc_column_text]\u00a1Noticias emocionantes! SSI acaba de introducir los pedidos en l\u00ednea para tu comodidad. Actualmente, se necesita una cuenta para acceder a nuestro sitio de pedidos en l\u00ednea <span style=\"color: #ff6600;\"><br \/>\n  <a style=\"color: #ff6600;\" href=\"https:\/\/shop.ssicm.com\/\" target=\"_blank\" rel=\"noopener noreferrer nofollow\">online<\/a><br \/>\n<\/span>.<\/p>\n<p>Rellena el formulario (enlace m\u00e1s abajo) para que podamos crearte una cuenta en l\u00ednea.* Una vez configurada tu cuenta, recibir\u00e1s un correo electr\u00f3nico de  <a href=\"mailto:noreply@ssicm.com\">noreply@ssicm.com<\/a>  te pedir\u00e1 que crees una contrase\u00f1a.** Una vez completado, tendr\u00e1s la oportunidad de navegar por nuestro nuevo sitio de pedidos en l\u00ednea.[\/vc_column_text][vc_btn title=\u00bbCrear cuenta\u00bb style=\u00bbclassic\u00bb shape=\u00bbsquare\u00bb color=\u00bbwarning\u00bb align=\u00bbleft\u00bb link=\u00bburl:https%3A%2F%2Fdocs.google.com%2Fforms%2Fd%2Fe%2F1FAIpQLSdvytp5BA32UXB9WMLIAGMQYsONuzLZd-lWYfN9FK27yEGVEQ%2Fviewform|target:_blank|\u00bb el_class=\u00bborangebtn\u00bb][vc_column_text]* Por favor, espera hasta un d\u00eda laborable para que podamos crear tu cuenta online.<\/p>\n<p>** Tu nombre de usuario ser\u00e1 tu direcci\u00f3n de correo electr\u00f3nico, adem\u00e1s de la contrase\u00f1a que hayas creado.<\/p>\n<p>&nbsp;<\/p>\n<h4><strong>Mira el v\u00eddeo siguiente y obt\u00e9n algunas respuestas a las preguntas que puedas tener.<\/strong><\/h4>\n<p>[\/vc_column_text][vc_video link=\u00bbhttps:\/\/www.youtube.com\/watch?v=ikvssDdSzIc&amp;t=5s\u00bb][\/vc_column][\/vc_row][vc_row][vc_column][vc_separator][\/vc_column][\/vc_row][vc_row][vc_column][vc_empty_space][\/vc_column][\/vc_row]<\/p>\n<\/div>","protected":false},"excerpt":{"rendered":"<p>[vc_row][vc_column][vc_empty_space height=\u00bb42px\u00bb][\/vc_column][\/vc_row][vc_row][vc_column][vc_column_text]\u00a1Noticias emocionantes! SSI acaba de introducir los pedidos en l\u00ednea para tu comodidad. Actualmente, se necesita una cuenta para acceder a nuestro sitio de pedidos en l\u00ednea online . Rellena el formulario (enlace m\u00e1s abajo) para que podamos crearte una cuenta en l\u00ednea.* Una vez configurada tu cuenta, recibir\u00e1s un correo electr\u00f3nico de noreply@ssicm.com&hellip;<\/p>\n","protected":false},"author":1,"featured_media":0,"parent":0,"menu_order":0,"comment_status":"closed","ping_status":"closed","template":"","meta":{"footnotes":""},"class_list":["post-2484","page","type-page","status-publish","hentry","description-off"],"_links":{"self":[{"href":"https:\/\/ssicm.com\/es\/wp-json\/wp\/v2\/pages\/2484","targetHints":{"allow":["GET"]}}],"collection":[{"href":"https:\/\/ssicm.com\/es\/wp-json\/wp\/v2\/pages"}],"about":[{"href":"https:\/\/ssicm.com\/es\/wp-json\/wp\/v2\/types\/page"}],"author":[{"embeddable":true,"href":"https:\/\/ssicm.com\/es\/wp-json\/wp\/v2\/users\/1"}],"replies":[{"embeddable":true,"href":"https:\/\/ssicm.com\/es\/wp-json\/wp\/v2\/comments?post=2484"}],"version-history":[{"count":0,"href":"https:\/\/ssicm.com\/es\/wp-json\/wp\/v2\/pages\/2484\/revisions"}],"wp:attachment":[{"href":"https:\/\/ssicm.com\/es\/wp-json\/wp\/v2\/media?parent=2484"}],"curies":[{"name":"wp","href":"https:\/\/api.w.org\/{rel}","templated":true}]}}