{"id":2473,"date":"2021-01-19T21:57:44","date_gmt":"2021-01-19T21:57:44","guid":{"rendered":"https:\/\/ssicm.com\/junta-de-dilatacion-silspec-ses\/"},"modified":"2025-01-29T18:34:26","modified_gmt":"2025-01-29T18:34:26","slug":"junta-de-dilatacion-silspec-ses","status":"publish","type":"page","link":"https:\/\/ssicm.com\/es\/junta-de-dilatacion-silspec-ses\/","title":{"rendered":"JUNTA DE DILATACI\u00d3N SILSPEC SES"},"content":{"rendered":"<div class=\"wpb-content-wrapper\"><p>[vc_row full_width=\u00bbstretch_row\u00bb bg_type=\u00bbimage\u00bb parallax_style=\u00bbvcpb-default\u00bb bg_image_new=\u00bbid^1490|url^https:\/\/ssicm.com\/wp-content\/uploads\/2021\/01\/SSI-Highway-Header.jpg|caption^null|alt^null|title^SSI Highway Header|description^null\u00bb css=\u00bb.vc_custom_1612541407609{padding-top: 300px !important;padding-bottom: 60px !important;}\u00bb el_class=\u00bbbgbaner\u00bb][vc_column][vc_custom_heading text=\u00bbJUNTA DE DILATACI\u00d3N SILSPEC SES\u00bb font_container=\u00bbtag:h2|font_size:45px|text_align:left|color:%23ffffff|line_height:55px\u00bb google_fonts=\u00bbfont_family:Delius%3Aregular|font_style:400%20regular%3A400%3Anormal\u00bb el_class=\u00bbheadertitle\u00bb][\/vc_column][\/vc_row][vc_row][vc_column][vc_column_text css=\u00bb\u00bb]<strong>INFORMACI\u00d3N GENERAL<\/strong><\/p>\n<p><a href=\"https:\/\/ssicm.com\/wp-content\/uploads\/2021\/01\/SES_Joint_Detail_Sheet_6-1-2016.pdf\">HOJA DE DETALLES DE LA JUNTA SES<\/a><\/p>\n<p><a href=\"https:\/\/ssicm.com\/wp-content\/uploads\/2021\/01\/SES_Joint_Detail_Sheet_Reel_Sizes_6-1-2016.pdf\">HOJA DE DETALLES DE JUNTA SES TAMA\u00d1OS DE BOBINA<\/a><\/p>\n<p><a href=\"https:\/\/ssicm.com\/wp-content\/uploads\/2021\/01\/SES_Joint_Detail_Sheet_Stripseal_6-1-2016.pdf\">HOJA DETALLE JUNTA SES STRIPSEAL<\/a><\/p>\n<p><a href=\"https:\/\/ssicm.com\/wp-content\/uploads\/2021\/01\/SILSPEC_SES_JOINT_SYSTEM_INSTALL_GUIDE_3-15-15.pdf%22\">GU\u00cdA DE INSTALACI\u00d3N DE JUNTAS DE DILATACI\u00d3N SES<\/a><\/p>\n<p>&nbsp;<\/p>\n<p><strong>SDS<\/strong><\/p>\n<p><a href=\"https:\/\/ssicm.com\/wp-content\/uploads\/2021\/01\/SDS_Pecora_301_NS_Highway_Sealant_MSDS_5-12.pdf\">SDS PECORA 301 NS SELLADOR DE CARRETERAS MSDS<\/a><\/p>\n<p><a href=\"https:\/\/ssicm.com\/wp-content\/uploads\/2021\/01\/SDS_Silspec-SES_SDS.pdf\">SDS SILSPEC SES SDS<\/a><\/p>\n<p><a href=\"https:\/\/ssicm.com\/wp-content\/uploads\/2021\/01\/SDS-SikaEpoxy820-Sikadur31_PartA.pdf\">SDS SIKA EPOXI 820 SIKADUR 31 PARTE A<\/a><\/p>\n<p><a href=\"https:\/\/ssicm.com\/wp-content\/uploads\/2021\/01\/SDS-SikaEpoxy820-Sikadur31_PartB.pdf\">SDS SIKA EPOXI 820 SIKADUR 31 PARTE B<\/a><\/p>\n<p>&nbsp;<\/p>\n<p><strong>FOLLETO TDS<\/strong><\/p>\n<p><a href=\"http:\/\/ssicm.com\/wp-content\/uploads\/2025\/01\/Silspec_SES_4-Page_2024.pdf\" target=\"_blank\" rel=\"noopener noreferrer nofollow\">FOLLETO SES<\/a><\/p>\n<p><a href=\"https:\/\/ssicm.com\/wp-content\/uploads\/2021\/04\/SILSPEC-SES-TDS-1-1-21.pdf\">SILSPEC SES TDS<\/a>[\/vc_column_text][\/vc_column][\/vc_row]<\/p>\n<\/div>","protected":false},"excerpt":{"rendered":"<p>[vc_row full_width=\u00bbstretch_row\u00bb bg_type=\u00bbimage\u00bb parallax_style=\u00bbvcpb-default\u00bb bg_image_new=\u00bbid^1490|url^https:\/\/ssicm.com\/wp-content\/uploads\/2021\/01\/SSI-Highway-Header.jpg|caption^null|alt^null|title^SSI Highway Header|description^null\u00bb css=\u00bb.vc_custom_1612541407609{padding-top: 300px !important;padding-bottom: 60px !important;}\u00bb el_class=\u00bbbgbaner\u00bb][vc_column][vc_custom_heading text=\u00bbJUNTA DE DILATACI\u00d3N SILSPEC SES\u00bb font_container=\u00bbtag:h2|font_size:45px|text_align:left|color:%23ffffff|line_height:55px\u00bb google_fonts=\u00bbfont_family:Delius%3Aregular|font_style:400%20regular%3A400%3Anormal\u00bb el_class=\u00bbheadertitle\u00bb][\/vc_column][\/vc_row][vc_row][vc_column][vc_column_text css=\u00bb\u00bb]INFORMACI\u00d3N GENERAL HOJA DE DETALLES DE LA JUNTA SES HOJA DE DETALLES DE JUNTA SES TAMA\u00d1OS DE BOBINA HOJA DETALLE JUNTA SES STRIPSEAL GU\u00cdA DE INSTALACI\u00d3N DE JUNTAS DE DILATACI\u00d3N SES &nbsp; SDS SDS&hellip;<\/p>\n","protected":false},"author":1,"featured_media":0,"parent":0,"menu_order":0,"comment_status":"closed","ping_status":"closed","template":"","meta":{"footnotes":""},"class_list":["post-2473","page","type-page","status-publish","hentry","description-off"],"_links":{"self":[{"href":"https:\/\/ssicm.com\/es\/wp-json\/wp\/v2\/pages\/2473","targetHints":{"allow":["GET"]}}],"collection":[{"href":"https:\/\/ssicm.com\/es\/wp-json\/wp\/v2\/pages"}],"about":[{"href":"https:\/\/ssicm.com\/es\/wp-json\/wp\/v2\/types\/page"}],"author":[{"embeddable":true,"href":"https:\/\/ssicm.com\/es\/wp-json\/wp\/v2\/users\/1"}],"replies":[{"embeddable":true,"href":"https:\/\/ssicm.com\/es\/wp-json\/wp\/v2\/comments?post=2473"}],"version-history":[{"count":0,"href":"https:\/\/ssicm.com\/es\/wp-json\/wp\/v2\/pages\/2473\/revisions"}],"wp:attachment":[{"href":"https:\/\/ssicm.com\/es\/wp-json\/wp\/v2\/media?parent=2473"}],"curies":[{"name":"wp","href":"https:\/\/api.w.org\/{rel}","templated":true}]}}