{"id":2468,"date":"2021-01-18T21:28:38","date_gmt":"2021-01-18T21:28:38","guid":{"rendered":"https:\/\/ssicm.com\/sistema-de-juntas-de-dilatacion-de-puentes-ssi-xjs\/"},"modified":"2025-01-29T18:25:58","modified_gmt":"2025-01-29T18:25:58","slug":"sistema-de-juntas-de-dilatacion-de-puentes-ssi-xjs","status":"publish","type":"page","link":"https:\/\/ssicm.com\/es\/sistema-de-juntas-de-dilatacion-de-puentes-ssi-xjs\/","title":{"rendered":"SISTEMA DE JUNTAS DE DILATACI\u00d3N DE PUENTES SSI XJS"},"content":{"rendered":"<div class=\"wpb-content-wrapper\"><p>[vc_row full_width=\u00bbstretch_row\u00bb bg_type=\u00bbimage\u00bb parallax_style=\u00bbvcpb-default\u00bb bg_image_new=\u00bbid^1490|url^https:\/\/ssicm.com\/wp-content\/uploads\/2021\/01\/SSI-Highway-Header.jpg|caption^null|alt^null|title^SSI Highway Header|description^null\u00bb css=\u00bb.vc_custom_1612540988160{padding-top: 300px !important;padding-bottom: 60px !important;}\u00bb el_class=\u00bbbgbaner\u00bb][vc_column][vc_custom_heading text=\u00bbSISTEMA DE JUNTAS DE DILATACI\u00d3N DE PUENTES SSI XJS\u00bb font_container=\u00bbtag:h2|font_size:45px|text_align:left|color:%23ffffff|line_height:55px\u00bb google_fonts=\u00bbfont_family:Delius%3Aregular|font_style:400%20regular%3A400%3Anormal\u00bb el_class=\u00bbheadertitle\u00bb][\/vc_column][\/vc_row][vc_row][vc_column][vc_column_text css=\u00bb\u00bb]<strong>INFORMACI\u00d3N GENERAL<\/strong><\/p>\n<p><a href=\"https:\/\/ssicm.com\/wp-content\/uploads\/2021\/01\/GUIDE_SPEC_POLYMER_MORTAR_EXPANSION_DAM.pdf\">GUIA ESPEC_DILATADOR DE MORTERO POLIMERO CON SELLADOR DE JUNTAS DE SILICONA DE CURADO RAPIDO<\/a><\/p>\n<p><a href=\"https:\/\/ssicm.com\/wp-content\/uploads\/2021\/01\/MIX_GUIDE_900PNS_FLEXPATCH_2-17-16.pdf\">Gu\u00eda de mezcla 900PNS FLEXPATCH<\/a><\/p>\n<p><a href=\"https:\/\/ssicm.com\/wp-content\/uploads\/2021\/01\/SILSPEC_MORTAR_INSTALLATION_MATERIALS_2-17-16.pdf\">MATERIALES DE INSTALACI\u00d3N DE MORTERO SILSPEC<\/a><\/p>\n<p><a href=\"https:\/\/ssicm.com\/wp-content\/uploads\/2021\/01\/SILSPEC_THIN_CROSS-SECTION_MORTAR_INSTALLATION.pdf\">INSTALACI\u00d3N DE MORTERO SILSPEC DE SECCI\u00d3N FINA<\/a><\/p>\n<p><a href=\"https:\/\/ssicm.com\/wp-content\/uploads\/2021\/01\/XJS_STEEL_PREP_GUIDE_1.pdf\">XJS GU\u00cdA DE PREPARACI\u00d3N DEL ACERO 1<\/a><\/p>\n<p>&nbsp;<\/p>\n<p><strong>SDS<\/strong><\/p>\n<p><a href=\"https:\/\/ssicm.com\/wp-content\/uploads\/2021\/09\/Silspec-900-Component-A-SDS.pdf\">SSI 900 &#8211; PARTE A (EE.UU.)<\/a><\/p>\n<p><a href=\"https:\/\/ssicm.com\/wp-content\/uploads\/2021\/09\/Silspec-900-Component-B-SDS.pdf\">SSI 900 &#8211; PARTE B (EE.UU.)<\/a><\/p>\n<p><a href=\"https:\/\/ssicm.com\/wp-content\/uploads\/2021\/09\/Silspec-900-w-Acc-Component-A-SDS.pdf\">ACELERADOR SSI 900 W &#8211; Parte A (EEUU)<\/a><\/p>\n<p><a href=\"https:\/\/ssicm.com\/wp-content\/uploads\/2021\/09\/Silspec-900-w-Acc-Component-B-SDS.pdf\">ACELERADOR SSI 900 W &#8211; Parte B (EEUU)<\/a><\/p>\n<p><a href=\"https:\/\/ssicm.com\/wp-content\/uploads\/2021\/01\/87-140364_-_SSI_900_Accelerator_USA.pdf\">ACELERADOR SSI 900 (EE.UU.)<\/a><\/p>\n<p><a href=\"https:\/\/ssicm.com\/wp-content\/uploads\/2021\/01\/SIL_AGG_SDS.pdf\">SIL AGG SDS<\/a><\/p>\n<p>&nbsp;<\/p>\n<p><strong>TIENDA DRW<\/strong><\/p>\n<p><a href=\"https:\/\/ssicm.com\/wp-content\/uploads\/2021\/01\/3-22-11_REVISED_ACP_DETAIL.pdf\">DETALLE ACP REVISADO<\/a><\/p>\n<p><a href=\"https:\/\/ssicm.com\/wp-content\/uploads\/2021\/01\/3-22-11_REVISED_ACP_DOWNSIZE.pdf\">REDUCCI\u00d3N ACP REVISADA<\/a><\/p>\n<p><a href=\"https:\/\/ssicm.com\/wp-content\/uploads\/2021\/01\/3-22-11_REVISED_ARMOR_DETAIL.pdf\">DETALLE DEL BLINDAJE REVISADO<\/a><\/p>\n<p><a href=\"https:\/\/ssicm.com\/wp-content\/uploads\/2021\/01\/3-22-11_REVISED_NEW_CONC.pdf\">REVISADO NUEVO CONC<\/a><\/p>\n<p>&nbsp;<\/p>\n<p><strong>FOLLETO TDS<\/strong><\/p>\n<p><a href=\"http:\/\/ssicm.com\/wp-content\/uploads\/2025\/01\/Silspec-900-PNS_updated.pdf\" target=\"_blank\" rel=\"noopener noreferrer nofollow\">SILSPEC 900PNS TDS<\/a><\/p>\n<p><a href=\"https:\/\/ssicm.com\/wp-content\/uploads\/2021\/01\/SILSPEC_Accelerator_1-1-2018.pdf\">ACELERADOR SILSPEC<\/a><\/p>\n<p><a href=\"http:\/\/ssicm.com\/wp-content\/uploads\/2025\/01\/Silspec-XJS_4-Page_2024_Updated.pdf\" target=\"_blank\" rel=\"noopener noreferrer nofollow\">FOLLETO SILSPEC XJS<\/a>[\/vc_column_text][\/vc_column][\/vc_row]<\/p>\n<\/div>","protected":false},"excerpt":{"rendered":"<p>[vc_row full_width=\u00bbstretch_row\u00bb bg_type=\u00bbimage\u00bb parallax_style=\u00bbvcpb-default\u00bb bg_image_new=\u00bbid^1490|url^https:\/\/ssicm.com\/wp-content\/uploads\/2021\/01\/SSI-Highway-Header.jpg|caption^null|alt^null|title^SSI Highway Header|description^null\u00bb css=\u00bb.vc_custom_1612540988160{padding-top: 300px !important;padding-bottom: 60px !important;}\u00bb el_class=\u00bbbgbaner\u00bb][vc_column][vc_custom_heading text=\u00bbSISTEMA DE JUNTAS DE DILATACI\u00d3N DE PUENTES SSI XJS\u00bb font_container=\u00bbtag:h2|font_size:45px|text_align:left|color:%23ffffff|line_height:55px\u00bb google_fonts=\u00bbfont_family:Delius%3Aregular|font_style:400%20regular%3A400%3Anormal\u00bb el_class=\u00bbheadertitle\u00bb][\/vc_column][\/vc_row][vc_row][vc_column][vc_column_text css=\u00bb\u00bb]INFORMACI\u00d3N GENERAL GUIA ESPEC_DILATADOR DE MORTERO POLIMERO CON SELLADOR DE JUNTAS DE SILICONA DE CURADO RAPIDO Gu\u00eda de mezcla 900PNS FLEXPATCH MATERIALES DE INSTALACI\u00d3N DE MORTERO SILSPEC INSTALACI\u00d3N DE MORTERO&hellip;<\/p>\n","protected":false},"author":1,"featured_media":0,"parent":0,"menu_order":0,"comment_status":"closed","ping_status":"closed","template":"","meta":{"footnotes":""},"class_list":["post-2468","page","type-page","status-publish","hentry","description-off"],"_links":{"self":[{"href":"https:\/\/ssicm.com\/es\/wp-json\/wp\/v2\/pages\/2468","targetHints":{"allow":["GET"]}}],"collection":[{"href":"https:\/\/ssicm.com\/es\/wp-json\/wp\/v2\/pages"}],"about":[{"href":"https:\/\/ssicm.com\/es\/wp-json\/wp\/v2\/types\/page"}],"author":[{"embeddable":true,"href":"https:\/\/ssicm.com\/es\/wp-json\/wp\/v2\/users\/1"}],"replies":[{"embeddable":true,"href":"https:\/\/ssicm.com\/es\/wp-json\/wp\/v2\/comments?post=2468"}],"version-history":[{"count":0,"href":"https:\/\/ssicm.com\/es\/wp-json\/wp\/v2\/pages\/2468\/revisions"}],"wp:attachment":[{"href":"https:\/\/ssicm.com\/es\/wp-json\/wp\/v2\/media?parent=2468"}],"curies":[{"name":"wp","href":"https:\/\/api.w.org\/{rel}","templated":true}]}}