{"id":2467,"date":"2021-01-19T22:00:03","date_gmt":"2021-01-19T22:00:03","guid":{"rendered":"https:\/\/ssicm.com\/sistema-de-juntas-ssi-pdx-con-hormigon-polimero-silspec-950-y-sellado-de-espuma-reforzada-silspec-rfs\/"},"modified":"2025-01-29T18:40:52","modified_gmt":"2025-01-29T18:40:52","slug":"sistema-de-juntas-ssi-pdx-con-hormigon-polimero-silspec-950-y-sellado-de-espuma-reforzada-silspec-rfs","status":"publish","type":"page","link":"https:\/\/ssicm.com\/es\/sistema-de-juntas-ssi-pdx-con-hormigon-polimero-silspec-950-y-sellado-de-espuma-reforzada-silspec-rfs\/","title":{"rendered":"SISTEMA DE JUNTAS SSI PDX con Hormig\u00f3n Pol\u00edmero SILSPEC 950 y Sellado de Espuma Reforzada SILSPEC RFS"},"content":{"rendered":"<div class=\"wpb-content-wrapper\"><p>[vc_row full_width=\u00bbstretch_row\u00bb bg_type=\u00bbimage\u00bb parallax_style=\u00bbvcpb-default\u00bb bg_image_new=\u00bbid^1490|url^https:\/\/ssicm.com\/wp-content\/uploads\/2021\/01\/SSI-Highway-Header.jpg|caption^null|alt^null|title^SSI Highway Header|description^null\u00bb css=\u00bb.vc_custom_1612541420870{padding-top: 300px !important;padding-bottom: 60px !important;}\u00bb el_class=\u00bbbgbaner\u00bb][vc_column][vc_custom_heading text=\u00bbSISTEMA DE JUNTAS SSI PDX con Hormig\u00f3n Pol\u00edmero SILSPEC 950 y Sellado de Espuma Reforzada SILSPEC RFS\u00bb font_container=\u00bbtag:h2|font_size:45px|text_align:left|color:%23ffffff|line_height:55px\u00bb google_fonts=\u00bbfont_family:Delius%3Aregular|font_style:400%20regular%3A400%3Anormal\u00bb el_class=\u00bbheadertitle\u00bb][\/vc_column][\/vc_row][vc_row][vc_column][vc_column_text css=\u00bb\u00bb]<strong>INFORMACI\u00d3N GENERAL<\/strong><\/p>\n<p><a href=\"https:\/\/ssicm.com\/wp-content\/uploads\/2021\/01\/PDX_System_Drawing_5-4-18.pdf\">DIBUJO DEL SISTEMA PDX<\/a><\/p>\n<p>&nbsp;<\/p>\n<p><strong>SDS<\/strong><\/p>\n<p><a href=\"https:\/\/ssicm.com\/wp-content\/uploads\/2021\/01\/SILSPEC_950_Polymer_Concrete.pdf\">HORMIG\u00d3N POL\u00cdMERO SILSPEC 950<\/a><\/p>\n<p><a href=\"http:\/\/ssicm.com\/wp-content\/uploads\/2025\/01\/Silspec_RFS_2024.pdf\" target=\"_blank\" rel=\"noopener noreferrer nofollow\">JUNTA SILSPEC RFS<\/a>[\/vc_column_text][\/vc_column][\/vc_row]<\/p>\n<\/div>","protected":false},"excerpt":{"rendered":"<p>[vc_row full_width=\u00bbstretch_row\u00bb bg_type=\u00bbimage\u00bb parallax_style=\u00bbvcpb-default\u00bb bg_image_new=\u00bbid^1490|url^https:\/\/ssicm.com\/wp-content\/uploads\/2021\/01\/SSI-Highway-Header.jpg|caption^null|alt^null|title^SSI Highway Header|description^null\u00bb css=\u00bb.vc_custom_1612541420870{padding-top: 300px !important;padding-bottom: 60px !important;}\u00bb el_class=\u00bbbgbaner\u00bb][vc_column][vc_custom_heading text=\u00bbSISTEMA DE JUNTAS SSI PDX con Hormig\u00f3n Pol\u00edmero SILSPEC 950 y Sellado de Espuma Reforzada SILSPEC RFS\u00bb font_container=\u00bbtag:h2|font_size:45px|text_align:left|color:%23ffffff|line_height:55px\u00bb google_fonts=\u00bbfont_family:Delius%3Aregular|font_style:400%20regular%3A400%3Anormal\u00bb el_class=\u00bbheadertitle\u00bb][\/vc_column][\/vc_row][vc_row][vc_column][vc_column_text css=\u00bb\u00bb]INFORMACI\u00d3N GENERAL DIBUJO DEL SISTEMA PDX &nbsp; SDS HORMIG\u00d3N POL\u00cdMERO SILSPEC 950 JUNTA SILSPEC RFS[\/vc_column_text][\/vc_column][\/vc_row]<\/p>\n","protected":false},"author":1,"featured_media":0,"parent":0,"menu_order":0,"comment_status":"closed","ping_status":"closed","template":"","meta":{"footnotes":""},"class_list":["post-2467","page","type-page","status-publish","hentry","description-off"],"_links":{"self":[{"href":"https:\/\/ssicm.com\/es\/wp-json\/wp\/v2\/pages\/2467","targetHints":{"allow":["GET"]}}],"collection":[{"href":"https:\/\/ssicm.com\/es\/wp-json\/wp\/v2\/pages"}],"about":[{"href":"https:\/\/ssicm.com\/es\/wp-json\/wp\/v2\/types\/page"}],"author":[{"embeddable":true,"href":"https:\/\/ssicm.com\/es\/wp-json\/wp\/v2\/users\/1"}],"replies":[{"embeddable":true,"href":"https:\/\/ssicm.com\/es\/wp-json\/wp\/v2\/comments?post=2467"}],"version-history":[{"count":0,"href":"https:\/\/ssicm.com\/es\/wp-json\/wp\/v2\/pages\/2467\/revisions"}],"wp:attachment":[{"href":"https:\/\/ssicm.com\/es\/wp-json\/wp\/v2\/media?parent=2467"}],"curies":[{"name":"wp","href":"https:\/\/api.w.org\/{rel}","templated":true}]}}