{"id":2459,"date":"2021-01-19T17:21:31","date_gmt":"2021-01-19T17:21:31","guid":{"rendered":"https:\/\/ssicm.com\/tarjetas-de-linea\/"},"modified":"2024-04-23T15:19:21","modified_gmt":"2024-04-23T15:19:21","slug":"tarjetas-de-linea","status":"publish","type":"page","link":"https:\/\/ssicm.com\/es\/tarjetas-de-linea\/","title":{"rendered":"Tarjetas de l\u00ednea"},"content":{"rendered":"<div class=\"wpb-content-wrapper\"><p>[vc_row][vc_column][vc_empty_space height=\u00bb42px\u00bb][\/vc_column][\/vc_row][vc_row][vc_column][vc_custom_heading text=\u00bbA continuaci\u00f3n encontrar\u00e1s enlaces a nuestras Fichas de productos que contienen informaci\u00f3n sobre los productos SSI.\u00bb font_container=\u00bbtag:h2|font_size:25|text_align:left\u00bb google_fonts=\u00bbfont_family:Roboto%20Condensed%3A300%2C300italic%2Cregular%2Citalic%2C700%2C700italic|font_style:700%20bold%20regular%3A700%3Anormal\u00bb][\/vc_column][\/vc_row][vc_row][vc_column][vc_separator][\/vc_column][\/vc_row][vc_row][vc_column css=\u00bb.vc_custom_1610486461820{padding-bottom: 15px !important;}\u00bb][vc_custom_heading text=\u00bb- Silspec 2000&#8243; font_container=\u00bbtag:h2|font_size:28px|text_align:left|color:%23ef5623|line_height:35px\u00bb google_fonts=\u00bbfont_family:Roboto%20Condensed%3A300%2C300italic%2Cregular%2Citalic%2C700%2C700italic|font_style:700%20bold%20regular%3A700%3Anormal\u00bb el_class=\u00bbheaderline2&#8243; link=\u00bburl:http%3A%2F%2Fssicm.com%2Fwp-content%2Fuploads%2F2021%2F01%2FSILSPEC_2000_BRO_1-1-2017-1.pdf|\u00bb][\/vc_column][\/vc_row][vc_row][vc_column css=\u00bb.vc_custom_1610486470658{padding-bottom: 15px !important;}\u00bb][vc_custom_heading text=\u00bb- Sello de cubierta Silspec\u00bb font_container=\u00bbtag:h2|font_size:28px|text_align:left|color:%23ef5623|line_height:35px\u00bb google_fonts=\u00bbfont_family:Roboto%20Condensed%3A300%2C300italic%2Cregular%2Citalic%2C700%2C700italic|font_style:700%20bold%20regular%3A700%3Anormal\u00bb el_class=\u00bbheaderline2&#8243; link=\u00bburl:http%3A%2F%2Fssicm.com%2Fwp-content%2Fuploads%2F2021%2F01%2FSILSPEC_DECKSEAL_BRO_1-1-2017-1.pdf|\u00bb][\/vc_column][\/vc_row][vc_row][vc_column css=\u00bb.vc_custom_1610486478103{padding-bottom: 15px !important;}\u00bb][vc_custom_heading text=\u00bb- Silspec Flexpatch\u00bb font_container=\u00bbtag:h2|font_size:28px|text_align:left|color:%23ef5623|line_height:35px\u00bb google_fonts=\u00bbfont_family:Roboto%20Condensed%3A300%2C300italic%2Cregular%2Citalic%2C700%2C700italic|font_style:700%20bold%20regular%3A700%3Anormal\u00bb el_class=\u00bbheaderline2&#8243; link=\u00bburl:http%3A%2F%2Fssicm.com%2Fwp-content%2Fuploads%2F2021%2F01%2FSILSPEC_FLEXPATCH_BRO_1-1-2017-1.pdf|\u00bb][\/vc_column][\/vc_row][vc_row][vc_column css=\u00bb.vc_custom_1610486484960{padding-bottom: 15px !important;}\u00bb][vc_custom_heading text=\u00bb- Silspec Re-Deck\u00bb font_container=\u00bbtag:h2|font_size:28px|text_align:left|color:%23ef5623|line_height:35px\u00bb google_fonts=\u00bbfont_family:Roboto%20Condensed%3A300%2C300italic%2Cregular%2Citalic%2C700%2C700italic|font_style:700%20bold%20regular%3A700%3Anormal\u00bb el_class=\u00bbheaderline2&#8243; link=\u00bburl:http%3A%2F%2Fssicm.com%2Fwp-content%2Fuploads%2F2021%2F01%2FSILSPEC_RE-DECK_BRO_1-1-2017-1.pdf|\u00bb][\/vc_column][\/vc_row][vc_row][vc_column css=\u00bb.vc_custom_1610486505566{padding-bottom: 15px !important;}\u00bb][vc_custom_heading text=\u00bb- Silspec SES\u00bb font_container=\u00bbtag:h2|font_size:28px|text_align:left|color:%23ef5623|line_height:35px\u00bb google_fonts=\u00bbfont_family:Roboto%20Condensed%3A300%2C300italic%2Cregular%2Citalic%2C700%2C700italic|font_style:700%20bold%20regular%3A700%3Anormal\u00bb el_class=\u00bbheaderline2&#8243; link=\u00bburl:http%3A%2F%2Fssicm.com%2Fwp-content%2Fuploads%2F2021%2F01%2FSILSPEC_SES_BROCHURE_1-1-2017-1.pdf|\u00bb][\/vc_column][\/vc_row][vc_row][vc_column css=\u00bb.vc_custom_1610486517678{padding-bottom: 15px !important;}\u00bb][vc_custom_heading text=\u00bb- Silspec SSS\u00bb font_container=\u00bbtag:h2|font_size:28px|text_align:left|color:%23ef5623|line_height:35px\u00bb google_fonts=\u00bbfont_family:Roboto%20Condensed%3A300%2C300italic%2Cregular%2Citalic%2C700%2C700italic|font_style:700%20bold%20regular%3A700%3Anormal\u00bb el_class=\u00bbheaderline2&#8243; link=\u00bburl:http%3A%2F%2Fssicm.com%2Fwp-content%2Fuploads%2F2021%2F01%2FSILSPEC_SSS_BROCHURE_1-1-2017-1.pdf|\u00bb][\/vc_column][\/vc_row][vc_row][vc_column css=\u00bb.vc_custom_1610486525201{padding-bottom: 15px !important;}\u00bb][vc_custom_heading text=\u00bb- Silspec XJS\u00bb font_container=\u00bbtag:h2|font_size:28px|text_align:left|color:%23ef5623|line_height:35px\u00bb google_fonts=\u00bbfont_family:Roboto%20Condensed%3A300%2C300italic%2Cregular%2Citalic%2C700%2C700italic|font_style:700%20bold%20regular%3A700%3Anormal\u00bb el_class=\u00bbheaderline2&#8243; link=\u00bburl:http%3A%2F%2Fssicm.com%2Fwp-content%2Fuploads%2F2021%2F01%2FSILSPEC_XJS_BROCHURE_1-1-2017-1.pdf|\u00bb][\/vc_column][\/vc_row][vc_row][vc_column css=\u00bb.vc_custom_1610486556388{padding-bottom: 15px !important;}\u00bb][vc_empty_space][\/vc_column][\/vc_row][vc_row][vc_column][vc_separator][\/vc_column][\/vc_row]<\/p>\n<\/div>","protected":false},"excerpt":{"rendered":"<p>[vc_row][vc_column][vc_empty_space height=\u00bb42px\u00bb][\/vc_column][\/vc_row][vc_row][vc_column][vc_custom_heading text=\u00bbA continuaci\u00f3n encontrar\u00e1s enlaces a nuestras Fichas de productos que contienen informaci\u00f3n sobre los productos SSI.\u00bb font_container=\u00bbtag:h2|font_size:25|text_align:left\u00bb google_fonts=\u00bbfont_family:Roboto%20Condensed%3A300%2C300italic%2Cregular%2Citalic%2C700%2C700italic|font_style:700%20bold%20regular%3A700%3Anormal\u00bb][\/vc_column][\/vc_row][vc_row][vc_column][vc_separator][\/vc_column][\/vc_row][vc_row][vc_column css=\u00bb.vc_custom_1610486461820{padding-bottom: 15px !important;}\u00bb][vc_custom_heading text=\u00bb- Silspec 2000&#8243; font_container=\u00bbtag:h2|font_size:28px|text_align:left|color:%23ef5623|line_height:35px\u00bb google_fonts=\u00bbfont_family:Roboto%20Condensed%3A300%2C300italic%2Cregular%2Citalic%2C700%2C700italic|font_style:700%20bold%20regular%3A700%3Anormal\u00bb el_class=\u00bbheaderline2&#8243; link=\u00bburl:http%3A%2F%2Fssicm.com%2Fwp-content%2Fuploads%2F2021%2F01%2FSILSPEC_2000_BRO_1-1-2017-1.pdf|\u00bb][\/vc_column][\/vc_row][vc_row][vc_column css=\u00bb.vc_custom_1610486470658{padding-bottom: 15px !important;}\u00bb][vc_custom_heading text=\u00bb- Sello de cubierta Silspec\u00bb font_container=\u00bbtag:h2|font_size:28px|text_align:left|color:%23ef5623|line_height:35px\u00bb google_fonts=\u00bbfont_family:Roboto%20Condensed%3A300%2C300italic%2Cregular%2Citalic%2C700%2C700italic|font_style:700%20bold%20regular%3A700%3Anormal\u00bb el_class=\u00bbheaderline2&#8243; link=\u00bburl:http%3A%2F%2Fssicm.com%2Fwp-content%2Fuploads%2F2021%2F01%2FSILSPEC_DECKSEAL_BRO_1-1-2017-1.pdf|\u00bb][\/vc_column][\/vc_row][vc_row][vc_column css=\u00bb.vc_custom_1610486478103{padding-bottom: 15px !important;}\u00bb][vc_custom_heading text=\u00bb- Silspec Flexpatch\u00bb font_container=\u00bbtag:h2|font_size:28px|text_align:left|color:%23ef5623|line_height:35px\u00bb google_fonts=\u00bbfont_family:Roboto%20Condensed%3A300%2C300italic%2Cregular%2Citalic%2C700%2C700italic|font_style:700%20bold%20regular%3A700%3Anormal\u00bb el_class=\u00bbheaderline2&#8243; link=\u00bburl:http%3A%2F%2Fssicm.com%2Fwp-content%2Fuploads%2F2021%2F01%2FSILSPEC_FLEXPATCH_BRO_1-1-2017-1.pdf|\u00bb][\/vc_column][\/vc_row][vc_row][vc_column css=\u00bb.vc_custom_1610486484960{padding-bottom: 15px !important;}\u00bb][vc_custom_heading&hellip;<\/p>\n","protected":false},"author":1,"featured_media":0,"parent":0,"menu_order":0,"comment_status":"closed","ping_status":"closed","template":"","meta":{"footnotes":""},"class_list":["post-2459","page","type-page","status-publish","hentry","description-off"],"_links":{"self":[{"href":"https:\/\/ssicm.com\/es\/wp-json\/wp\/v2\/pages\/2459","targetHints":{"allow":["GET"]}}],"collection":[{"href":"https:\/\/ssicm.com\/es\/wp-json\/wp\/v2\/pages"}],"about":[{"href":"https:\/\/ssicm.com\/es\/wp-json\/wp\/v2\/types\/page"}],"author":[{"embeddable":true,"href":"https:\/\/ssicm.com\/es\/wp-json\/wp\/v2\/users\/1"}],"replies":[{"embeddable":true,"href":"https:\/\/ssicm.com\/es\/wp-json\/wp\/v2\/comments?post=2459"}],"version-history":[{"count":0,"href":"https:\/\/ssicm.com\/es\/wp-json\/wp\/v2\/pages\/2459\/revisions"}],"wp:attachment":[{"href":"https:\/\/ssicm.com\/es\/wp-json\/wp\/v2\/media?parent=2459"}],"curies":[{"name":"wp","href":"https:\/\/api.w.org\/{rel}","templated":true}]}}