{"id":2452,"date":"2020-12-16T20:42:58","date_gmt":"2020-12-16T20:42:58","guid":{"rendered":"https:\/\/ssicm.com\/politica-de-privacidad\/"},"modified":"2024-04-23T15:19:13","modified_gmt":"2024-04-23T15:19:13","slug":"politica-de-privacidad","status":"publish","type":"page","link":"https:\/\/ssicm.com\/es\/politica-de-privacidad\/","title":{"rendered":"Pol\u00edtica de privacidad"},"content":{"rendered":"<div class=\"wpb-content-wrapper\"><p>[vc_row css=\u00bb.vc_custom_1608154573913{padding-top: 10px !important;padding-bottom: 20px !important;}\u00bb][vc_column][vc_row_inner][vc_column_inner][vc_empty_space height=\u00bb42px\u00bb][vc_custom_heading text=\u00bb1. Aplicaci\u00f3n de esta pol\u00edtica\u00bb font_container=\u00bbtag:h2|font_size:30px|text_align:left|color:%23ef5623|line_height:35px\u00bb google_fonts=\u00bbfont_family:Roboto%20Condensed%3A300%2C300italic%2Cregular%2Citalic%2C700%2C700italic|font_style:700%20bold%20regular%3A700%3Anormal\u00bb el_class=\u00bbheaderline2&#8243; css=\u00bb.vc_custom_1608153364496{margin-bottom: 5px !important;}\u00bb][vc_column_text css=\u00bb.vc_custom_1608152447367{padding-bottom: 30px !important;}\u00bb]<span style=\"font-weight: 400;\">Esta Pol\u00edtica de Privacidad se aplica \u00fanicamente a Silicone Specialties, Inc. Te dir\u00e1 c\u00f3mo y por qu\u00e9 recopilamos informaci\u00f3n personal y no personal sobre ti. Este Sitio est\u00e1 conectado mediante \u00abhiperv\u00ednculos\u00bb a otros sitios web. No somos responsables en modo alguno de las pr\u00e1cticas de privacidad de otros sitios web y te sugerimos que revises las pol\u00edticas de privacidad de esos sitios web enlazados antes de utilizarlos.<\/span>[\/vc_column_text][vc_custom_heading text=\u00bb2. Somos responsables ante ti\u00bb font_container=\u00bbtag:h2|font_size:30px|text_align:left|color:%23ef5623|line_height:35px\u00bb google_fonts=\u00bbfont_family:Roboto%20Condensed%3A300%2C300italic%2Cregular%2Citalic%2C700%2C700italic|font_style:700%20bold%20regular%3A700%3Anormal\u00bb el_class=\u00bbheaderline2&#8243; css=\u00bb.vc_custom_1608153372613{margin-bottom: 5px !important;}\u00bb][vc_column_text css=\u00bb.vc_custom_1608152607974{padding-bottom: 30px !important;}\u00bb]<span style=\"font-weight: 400;\">Hemos designado a un directivo de la empresa para que sea responsable de nuestras pol\u00edticas y pr\u00e1cticas con respecto a la gesti\u00f3n de la informaci\u00f3n personal. Cualquier pregunta, comentario o queja que puedas tener sobre nuestras pr\u00e1cticas de privacidad debes remitirla por escrito a: Silicone Specialties, Inc. 2367 Glenda Lane Dallas, TX 75229<\/span>[\/vc_column_text][vc_custom_heading text=\u00bb3. Recogida de informaci\u00f3n\u00bb font_container=\u00bbtag:h2|font_size:30px|text_align:left|color:%23ef5623|line_height:35px\u00bb google_fonts=\u00bbfont_family:Roboto%20Condensed%3A300%2C300italic%2Cregular%2Citalic%2C700%2C700italic|font_style:700%20bold%20regular%3A700%3Anormal\u00bb el_class=\u00bbheaderline2&#8243; css=\u00bb.vc_custom_1608153336887{margin-bottom: 5px !important;}\u00bb][vc_column_text css=\u00bb.vc_custom_1608152772541{padding-bottom: 30px !important;}\u00bb]<span style=\"font-weight: 400;\">La informaci\u00f3n personalmente identificable o informaci\u00f3n personal se define como informaci\u00f3n que te identifica a ti, como individuo, e incluye tu nombre, direcci\u00f3n particular o de la empresa, n\u00famero de tel\u00e9fono y direcci\u00f3n de correo electr\u00f3nico. S\u00f3lo recopilamos informaci\u00f3n personal identificable sobre ti despu\u00e9s de que nos la hayas proporcionado espec\u00edficamente y con conocimiento de causa. Al proporcionarnos voluntariamente esta informaci\u00f3n en varios momentos al utilizar nuestro Sitio, incluyendo, enviarnos un comentario, sugerencia, solicitud o registrarte para un servicio publicado en nuestro Sitio, estar\u00e1s consintiendo que recopilemos y utilicemos tu informaci\u00f3n personal para esa actividad en l\u00ednea. No tienes ninguna obligaci\u00f3n de facilitarnos esta informaci\u00f3n y puedes acceder a muchos aspectos del Sitio sin proporcionarnos ninguna informaci\u00f3n personal.<\/span>[\/vc_column_text][vc_custom_heading text=\u00bb4. Finalidad de la recogida de tus datos\u00bb font_container=\u00bbtag:h2|font_size:30px|text_align:left|color:%23ef5623|line_height:35px\u00bb google_fonts=\u00bbfont_family:Roboto%20Condensed%3A300%2C300italic%2Cregular%2Citalic%2C700%2C700italic|font_style:700%20bold%20regular%3A700%3Anormal\u00bb el_class=\u00bbheaderline2&#8243; css=\u00bb.vc_custom_1608153388386{margin-bottom: 5px !important;}\u00bb][vc_column_text css=\u00bb.vc_custom_1608152988895{padding-bottom: 30px !important;}\u00bb]<span style=\"font-weight: 400;\">Solicitud de cr\u00e9dito y certificado de reventa FDS y otra informaci\u00f3n sobre el producto Inscripci\u00f3n en ofertas especiales, noticias y eventos Notificaciones de subidas de precios<\/span>[\/vc_column_text][vc_custom_heading text=\u00bb5. Divulgaci\u00f3n de tu informaci\u00f3n personal o no personal\u00bb font_container=\u00bbtag:h2|font_size:30px|text_align:left|color:%23ef5623|line_height:35px\u00bb google_fonts=\u00bbfont_family:Roboto%20Condensed%3A300%2C300italic%2Cregular%2Citalic%2C700%2C700italic|font_style:700%20bold%20regular%3A700%3Anormal\u00bb el_class=\u00bbheaderline2&#8243; css=\u00bb.vc_custom_1608153395832{margin-bottom: 5px !important;}\u00bb][vc_column_text css=\u00bb.vc_custom_1608153022838{padding-bottom: 30px !important;}\u00bb]<span style=\"font-weight: 400;\">No venderemos ni alquilaremos tu informaci\u00f3n personal a terceros sin tu consentimiento. La ley nos puede obligar a revelar informaci\u00f3n personal sin tu consentimiento en caso de situaciones de emergencia o cuando nos lo exija el gobierno u otra autoridad legal. Adem\u00e1s, recogemos informaci\u00f3n no personal identificable, que es informaci\u00f3n que no te identifica personalmente, pero que llega a nosotros como resultado de tu visita a nuestro Sitio. Esta informaci\u00f3n incluye: tu direcci\u00f3n IP, un n\u00famero asignado autom\u00e1ticamente a tu ordenador cuando visitas el Sitio; tu proveedor de servicios de Internet; y tu navegador web. Una forma en que utilizamos esta informaci\u00f3n no personal es como herramienta de diagn\u00f3stico y administraci\u00f3n para identificar problemas del sistema y administrar el Sitio. Recogemos informaci\u00f3n personal y no personal de forma no identificativa, an\u00f3nima y agregada para mejorar el dise\u00f1o de nuestro Sitio y con fines estad\u00edsticos. Estas estad\u00edsticas e informes s\u00f3lo contendr\u00e1n informaci\u00f3n agregada y no identificable personalmente.<\/span>[\/vc_column_text][vc_custom_heading text=\u00bb6. Cambios en esta Pol\u00edtica de Privacidad\u00bb font_container=\u00bbtag:h2|font_size:30px|text_align:left|color:%23ef5623|line_height:35px\u00bb google_fonts=\u00bbfont_family:Roboto%20Condensed%3A300%2C300italic%2Cregular%2Citalic%2C700%2C700italic|font_style:700%20bold%20regular%3A700%3Anormal\u00bb el_class=\u00bbheaderline2&#8243; css=\u00bb.vc_custom_1608153404041{margin-bottom: 5px !important;}\u00bb][vc_column_text css=\u00bb.vc_custom_1608153083458{padding-bottom: 30px !important;}\u00bb]<span style=\"font-weight: 400;\">Podemos cambiar esta pol\u00edtica a medida que se a\u00f1adan nuevos servicios o se modifiquen los antiguos. Dichos cambios entrar\u00e1n en vigor cuando se publique un aviso del cambio en el Sitio. Consulta esta Pol\u00edtica de Privacidad de vez en cuando para estar al d\u00eda.<\/span>[\/vc_column_text][\/vc_column_inner][\/vc_row_inner][\/vc_column][\/vc_row][vc_row][vc_column][vc_empty_space height=\u00bb16px\u00bb][\/vc_column][\/vc_row][vc_row][vc_column][\/vc_column][\/vc_row]<\/p>\n<\/div>","protected":false},"excerpt":{"rendered":"<p>[vc_row css=\u00bb.vc_custom_1608154573913{padding-top: 10px !important;padding-bottom: 20px !important;}\u00bb][vc_column][vc_row_inner][vc_column_inner][vc_empty_space height=\u00bb42px\u00bb][vc_custom_heading text=\u00bb1. Aplicaci\u00f3n de esta pol\u00edtica\u00bb font_container=\u00bbtag:h2|font_size:30px|text_align:left|color:%23ef5623|line_height:35px\u00bb google_fonts=\u00bbfont_family:Roboto%20Condensed%3A300%2C300italic%2Cregular%2Citalic%2C700%2C700italic|font_style:700%20bold%20regular%3A700%3Anormal\u00bb el_class=\u00bbheaderline2&#8243; css=\u00bb.vc_custom_1608153364496{margin-bottom: 5px !important;}\u00bb][vc_column_text css=\u00bb.vc_custom_1608152447367{padding-bottom: 30px !important;}\u00bb]Esta Pol\u00edtica de Privacidad se aplica \u00fanicamente a Silicone Specialties, Inc. Te dir\u00e1 c\u00f3mo y por qu\u00e9 recopilamos informaci\u00f3n personal y no personal sobre ti. Este Sitio est\u00e1 conectado mediante \u00abhiperv\u00ednculos\u00bb a otros sitios web.&hellip;<\/p>\n","protected":false},"author":1,"featured_media":0,"parent":0,"menu_order":0,"comment_status":"closed","ping_status":"closed","template":"","meta":{"footnotes":""},"class_list":["post-2452","page","type-page","status-publish","hentry","description-off"],"_links":{"self":[{"href":"https:\/\/ssicm.com\/es\/wp-json\/wp\/v2\/pages\/2452","targetHints":{"allow":["GET"]}}],"collection":[{"href":"https:\/\/ssicm.com\/es\/wp-json\/wp\/v2\/pages"}],"about":[{"href":"https:\/\/ssicm.com\/es\/wp-json\/wp\/v2\/types\/page"}],"author":[{"embeddable":true,"href":"https:\/\/ssicm.com\/es\/wp-json\/wp\/v2\/users\/1"}],"replies":[{"embeddable":true,"href":"https:\/\/ssicm.com\/es\/wp-json\/wp\/v2\/comments?post=2452"}],"version-history":[{"count":0,"href":"https:\/\/ssicm.com\/es\/wp-json\/wp\/v2\/pages\/2452\/revisions"}],"wp:attachment":[{"href":"https:\/\/ssicm.com\/es\/wp-json\/wp\/v2\/media?parent=2452"}],"curies":[{"name":"wp","href":"https:\/\/api.w.org\/{rel}","templated":true}]}}